{"id":7,"date":"2015-02-04T22:08:30","date_gmt":"2015-02-04T22:08:30","guid":{"rendered":"http:\/\/goulart.adv.br\/site\/?page_id=7"},"modified":"2015-03-10T20:03:35","modified_gmt":"2015-03-10T20:03:35","slug":"visao","status":"publish","type":"page","link":"https:\/\/goulart.adv.br\/site\/o-escritorio\/visao\/","title":{"rendered":"Vis\u00e3o"},"content":{"rendered":"<h4 style=\"text-align: center;\">\u201cSer uma sociedade de advogados especializada e reconhecida pelo Poder Judici\u00e1rio, pela Ordem dos Advogados do Brasil e por toda a comunidade brasileira\u201d.<\/h4>\n","protected":false},"excerpt":{"rendered":"<p>\u201cSer uma sociedade de advogados especializada e reconhecida pelo Poder Judici\u00e1rio, pela Ordem dos Advogados do Brasil e por toda a comunidade brasileira\u201d.<\/p>\n","protected":false},"author":1,"featured_media":0,"parent":2,"menu_order":2,"comment_status":"open","ping_status":"closed","template":"","meta":{"_acf_changed":false,"footnotes":""},"class_list":["post-7","page","type-page","status-publish","hentry"],"acf":[],"yoast_head":"<!-- This site is optimized with the Yoast SEO plugin v27.4 - https:\/\/yoast.com\/product\/yoast-seo-wordpress\/ -->\n<title>Vis\u00e3o - Goulart &amp; Goulart Advogados Trabalhistas e Associados<\/title>\n<meta name=\"description\" content=\"Ser uma refer\u00eancia para o Poder Judici\u00e1rio, para Ordem dos Advogados do Brasil e por toda a comunidade brasileira.\" \/>\n<meta name=\"robots\" content=\"index, follow, max-snippet:-1, max-image-preview:large, max-video-preview:-1\" \/>\n<link rel=\"canonical\" href=\"https:\/\/goulart.adv.br\/site\/o-escritorio\/visao\/\" \/>\n<meta property=\"og:locale\" content=\"pt_BR\" \/>\n<meta property=\"og:type\" content=\"article\" \/>\n<meta property=\"og:title\" content=\"Vis\u00e3o - Goulart &amp; Goulart Advogados Trabalhistas e Associados\" \/>\n<meta property=\"og:description\" content=\"Ser uma refer\u00eancia para o Poder Judici\u00e1rio, para Ordem dos Advogados do Brasil e por toda a comunidade brasileira.\" \/>\n<meta property=\"og:url\" content=\"https:\/\/goulart.adv.br\/site\/o-escritorio\/visao\/\" \/>\n<meta property=\"og:site_name\" content=\"Goulart &amp; Goulart Advogados Trabalhistas e Associados\" \/>\n<meta property=\"article:publisher\" content=\"https:\/\/www.facebook.com\/pages\/GoulartGoulart-Advogados-Associados\/1600523293534022\" \/>\n<meta property=\"article:modified_time\" content=\"2015-03-10T20:03:35+00:00\" \/>\n<meta property=\"og:image\" content=\"https:\/\/goulart.adv.br\/site\/wp-content\/uploads\/2015\/05\/safe_image.jpg\" \/>\n\t<meta property=\"og:image:width\" content=\"211\" \/>\n\t<meta property=\"og:image:height\" content=\"82\" \/>\n\t<meta property=\"og:image:type\" content=\"image\/jpeg\" \/>\n<script type=\"application\/ld+json\" class=\"yoast-schema-graph\">{\"@context\":\"https:\\\/\\\/schema.org\",\"@graph\":[{\"@type\":\"WebPage\",\"@id\":\"https:\\\/\\\/goulart.adv.br\\\/site\\\/o-escritorio\\\/visao\\\/\",\"url\":\"https:\\\/\\\/goulart.adv.br\\\/site\\\/o-escritorio\\\/visao\\\/\",\"name\":\"Vis\u00e3o - Goulart &amp; Goulart Advogados Trabalhistas e Associados\",\"isPartOf\":{\"@id\":\"https:\\\/\\\/goulart.adv.br\\\/site\\\/#website\"},\"datePublished\":\"2015-02-04T22:08:30+00:00\",\"dateModified\":\"2015-03-10T20:03:35+00:00\",\"description\":\"Ser uma refer\u00eancia para o Poder Judici\u00e1rio, para Ordem dos Advogados do Brasil e por toda a comunidade brasileira.\",\"breadcrumb\":{\"@id\":\"https:\\\/\\\/goulart.adv.br\\\/site\\\/o-escritorio\\\/visao\\\/#breadcrumb\"},\"inLanguage\":\"pt-BR\",\"potentialAction\":[{\"@type\":\"ReadAction\",\"target\":[\"https:\\\/\\\/goulart.adv.br\\\/site\\\/o-escritorio\\\/visao\\\/\"]}]},{\"@type\":\"BreadcrumbList\",\"@id\":\"https:\\\/\\\/goulart.adv.br\\\/site\\\/o-escritorio\\\/visao\\\/#breadcrumb\",\"itemListElement\":[{\"@type\":\"ListItem\",\"position\":1,\"name\":\"In\u00edcio\",\"item\":\"https:\\\/\\\/goulart.adv.br\\\/site\\\/\"},{\"@type\":\"ListItem\",\"position\":2,\"name\":\"O Escrit\u00f3rio\",\"item\":\"https:\\\/\\\/goulart.adv.br\\\/site\\\/o-escritorio\\\/\"},{\"@type\":\"ListItem\",\"position\":3,\"name\":\"Vis\u00e3o\"}]},{\"@type\":\"WebSite\",\"@id\":\"https:\\\/\\\/goulart.adv.br\\\/site\\\/#website\",\"url\":\"https:\\\/\\\/goulart.adv.br\\\/site\\\/\",\"name\":\"Goulart &amp; Goulart Advogados Trabalhistas e Associados\",\"description\":\"Goulart &amp; Goulart Advogados Trabalhistas e Associados\",\"potentialAction\":[{\"@type\":\"SearchAction\",\"target\":{\"@type\":\"EntryPoint\",\"urlTemplate\":\"https:\\\/\\\/goulart.adv.br\\\/site\\\/?s={search_term_string}\"},\"query-input\":{\"@type\":\"PropertyValueSpecification\",\"valueRequired\":true,\"valueName\":\"search_term_string\"}}],\"inLanguage\":\"pt-BR\"}]}<\/script>\n<!-- \/ Yoast SEO plugin. -->","yoast_head_json":{"title":"Vis\u00e3o - Goulart &amp; Goulart Advogados Trabalhistas e Associados","description":"Ser uma refer\u00eancia para o Poder Judici\u00e1rio, para Ordem dos Advogados do Brasil e por toda a comunidade brasileira.","robots":{"index":"index","follow":"follow","max-snippet":"max-snippet:-1","max-image-preview":"max-image-preview:large","max-video-preview":"max-video-preview:-1"},"canonical":"https:\/\/goulart.adv.br\/site\/o-escritorio\/visao\/","og_locale":"pt_BR","og_type":"article","og_title":"Vis\u00e3o - Goulart &amp; Goulart Advogados Trabalhistas e Associados","og_description":"Ser uma refer\u00eancia para o Poder Judici\u00e1rio, para Ordem dos Advogados do Brasil e por toda a comunidade brasileira.","og_url":"https:\/\/goulart.adv.br\/site\/o-escritorio\/visao\/","og_site_name":"Goulart &amp; Goulart Advogados Trabalhistas e Associados","article_publisher":"https:\/\/www.facebook.com\/pages\/GoulartGoulart-Advogados-Associados\/1600523293534022","article_modified_time":"2015-03-10T20:03:35+00:00","og_image":[{"width":211,"height":82,"url":"https:\/\/goulart.adv.br\/site\/wp-content\/uploads\/2015\/05\/safe_image.jpg","type":"image\/jpeg"}],"schema":{"@context":"https:\/\/schema.org","@graph":[{"@type":"WebPage","@id":"https:\/\/goulart.adv.br\/site\/o-escritorio\/visao\/","url":"https:\/\/goulart.adv.br\/site\/o-escritorio\/visao\/","name":"Vis\u00e3o - Goulart &amp; Goulart Advogados Trabalhistas e Associados","isPartOf":{"@id":"https:\/\/goulart.adv.br\/site\/#website"},"datePublished":"2015-02-04T22:08:30+00:00","dateModified":"2015-03-10T20:03:35+00:00","description":"Ser uma refer\u00eancia para o Poder Judici\u00e1rio, para Ordem dos Advogados do Brasil e por toda a comunidade brasileira.","breadcrumb":{"@id":"https:\/\/goulart.adv.br\/site\/o-escritorio\/visao\/#breadcrumb"},"inLanguage":"pt-BR","potentialAction":[{"@type":"ReadAction","target":["https:\/\/goulart.adv.br\/site\/o-escritorio\/visao\/"]}]},{"@type":"BreadcrumbList","@id":"https:\/\/goulart.adv.br\/site\/o-escritorio\/visao\/#breadcrumb","itemListElement":[{"@type":"ListItem","position":1,"name":"In\u00edcio","item":"https:\/\/goulart.adv.br\/site\/"},{"@type":"ListItem","position":2,"name":"O Escrit\u00f3rio","item":"https:\/\/goulart.adv.br\/site\/o-escritorio\/"},{"@type":"ListItem","position":3,"name":"Vis\u00e3o"}]},{"@type":"WebSite","@id":"https:\/\/goulart.adv.br\/site\/#website","url":"https:\/\/goulart.adv.br\/site\/","name":"Goulart &amp; Goulart Advogados Trabalhistas e Associados","description":"Goulart &amp; Goulart Advogados Trabalhistas e Associados","potentialAction":[{"@type":"SearchAction","target":{"@type":"EntryPoint","urlTemplate":"https:\/\/goulart.adv.br\/site\/?s={search_term_string}"},"query-input":{"@type":"PropertyValueSpecification","valueRequired":true,"valueName":"search_term_string"}}],"inLanguage":"pt-BR"}]}},"_links":{"self":[{"href":"https:\/\/goulart.adv.br\/site\/wp-json\/wp\/v2\/pages\/7","targetHints":{"allow":["GET"]}}],"collection":[{"href":"https:\/\/goulart.adv.br\/site\/wp-json\/wp\/v2\/pages"}],"about":[{"href":"https:\/\/goulart.adv.br\/site\/wp-json\/wp\/v2\/types\/page"}],"author":[{"embeddable":true,"href":"https:\/\/goulart.adv.br\/site\/wp-json\/wp\/v2\/users\/1"}],"replies":[{"embeddable":true,"href":"https:\/\/goulart.adv.br\/site\/wp-json\/wp\/v2\/comments?post=7"}],"version-history":[{"count":3,"href":"https:\/\/goulart.adv.br\/site\/wp-json\/wp\/v2\/pages\/7\/revisions"}],"predecessor-version":[{"id":170,"href":"https:\/\/goulart.adv.br\/site\/wp-json\/wp\/v2\/pages\/7\/revisions\/170"}],"up":[{"embeddable":true,"href":"https:\/\/goulart.adv.br\/site\/wp-json\/wp\/v2\/pages\/2"}],"wp:attachment":[{"href":"https:\/\/goulart.adv.br\/site\/wp-json\/wp\/v2\/media?parent=7"}],"curies":[{"name":"wp","href":"https:\/\/api.w.org\/{rel}","templated":true}]}}