{"id":53,"date":"2015-02-04T23:51:39","date_gmt":"2015-02-04T23:51:39","guid":{"rendered":"http:\/\/goulart.adv.br\/site\/?page_id=53"},"modified":"2015-03-10T20:11:48","modified_gmt":"2015-03-10T20:11:48","slug":"clientes","status":"publish","type":"page","link":"https:\/\/goulart.adv.br\/site\/clientes\/","title":{"rendered":"Clientes"},"content":{"rendered":"<p><img loading=\"lazy\" decoding=\"async\" class=\"alignright wp-image-96\" src=\"https:\/\/goulart.adv.br\/site\/wp-content\/uploads\/2015\/02\/quem_somos-300x142.jpg\" alt=\"quem_somos\" width=\"580\" height=\"275\" data-id=\"96\" srcset=\"https:\/\/goulart.adv.br\/site\/wp-content\/uploads\/2015\/02\/quem_somos-300x142.jpg 300w, https:\/\/goulart.adv.br\/site\/wp-content\/uploads\/2015\/02\/quem_somos.jpg 760w\" sizes=\"auto, (max-width: 580px) 100vw, 580px\" \/>Prestamos consultoria e assessoria jur\u00eddica permanente para in\u00fameros clientes:<\/p>\n<p><strong>Pessoas Jur\u00eddicas<\/strong>: Todas as \u00e1reas atuantes no mercado de trabalho.<\/p>\n<p><strong>Pessoas F\u00edsicas: <\/strong>Toda pessoa que encontra-se em dificuldades de resolver sua rela\u00e7\u00e3o de trabalho, rela\u00e7\u00f5es familiares, conflitos contratuais.<\/p>\n<p><a class=\"botaoM\" title=\"Diferenciais\" href=\"https:\/\/goulart.adv.br\/site\/?page_id=30\">Conhe\u00e7a nossos Diferenciais<\/a><\/p>\n","protected":false},"excerpt":{"rendered":"<p>Prestamos consultoria e assessoria jur\u00eddica permanente para in\u00fameros clientes: Pessoas Jur\u00eddicas: Todas as \u00e1reas atuantes no mercado de trabalho. Pessoas F\u00edsicas: Toda pessoa que encontra-se em dificuldades de resolver sua rela\u00e7\u00e3o de trabalho, rela\u00e7\u00f5es familiares, conflitos contratuais. Conhe\u00e7a nossos Diferenciais<\/p>\n","protected":false},"author":1,"featured_media":0,"parent":0,"menu_order":4,"comment_status":"closed","ping_status":"closed","template":"","meta":{"_acf_changed":false,"footnotes":""},"class_list":["post-53","page","type-page","status-publish","hentry"],"acf":[],"yoast_head":"<!-- This site is optimized with the Yoast SEO plugin v27.5 - https:\/\/yoast.com\/product\/yoast-seo-wordpress\/ -->\n<title>Clientes - Goulart &amp; Goulart Advogados Trabalhistas e Associados<\/title>\n<meta name=\"description\" content=\"Prestamos consultoria e assessoria jur\u00eddica permanente para pessoas f\u00edsicas e jur\u00eddicas.\" \/>\n<meta name=\"robots\" content=\"index, follow, max-snippet:-1, max-image-preview:large, max-video-preview:-1\" \/>\n<link rel=\"canonical\" href=\"https:\/\/goulart.adv.br\/site\/clientes\/\" \/>\n<meta property=\"og:locale\" content=\"pt_BR\" \/>\n<meta property=\"og:type\" content=\"article\" \/>\n<meta property=\"og:title\" content=\"Clientes - Goulart &amp; Goulart Advogados Trabalhistas e Associados\" \/>\n<meta property=\"og:description\" content=\"Prestamos consultoria e assessoria jur\u00eddica permanente para pessoas f\u00edsicas e jur\u00eddicas.\" \/>\n<meta property=\"og:url\" content=\"https:\/\/goulart.adv.br\/site\/clientes\/\" \/>\n<meta property=\"og:site_name\" content=\"Goulart &amp; Goulart Advogados Trabalhistas e Associados\" \/>\n<meta property=\"article:publisher\" content=\"https:\/\/www.facebook.com\/pages\/GoulartGoulart-Advogados-Associados\/1600523293534022\" \/>\n<meta property=\"article:modified_time\" content=\"2015-03-10T20:11:48+00:00\" \/>\n<meta property=\"og:image\" content=\"https:\/\/goulart.adv.br\/site\/wp-content\/uploads\/2015\/02\/quem_somos-300x142.jpg\" \/>\n<script type=\"application\/ld+json\" class=\"yoast-schema-graph\">{\"@context\":\"https:\\\/\\\/schema.org\",\"@graph\":[{\"@type\":\"WebPage\",\"@id\":\"https:\\\/\\\/goulart.adv.br\\\/site\\\/clientes\\\/\",\"url\":\"https:\\\/\\\/goulart.adv.br\\\/site\\\/clientes\\\/\",\"name\":\"Clientes - Goulart &amp; Goulart Advogados Trabalhistas e Associados\",\"isPartOf\":{\"@id\":\"https:\\\/\\\/goulart.adv.br\\\/site\\\/#website\"},\"primaryImageOfPage\":{\"@id\":\"https:\\\/\\\/goulart.adv.br\\\/site\\\/clientes\\\/#primaryimage\"},\"image\":{\"@id\":\"https:\\\/\\\/goulart.adv.br\\\/site\\\/clientes\\\/#primaryimage\"},\"thumbnailUrl\":\"https:\\\/\\\/goulart.adv.br\\\/site\\\/wp-content\\\/uploads\\\/2015\\\/02\\\/quem_somos-300x142.jpg\",\"datePublished\":\"2015-02-04T23:51:39+00:00\",\"dateModified\":\"2015-03-10T20:11:48+00:00\",\"description\":\"Prestamos consultoria e assessoria jur\u00eddica permanente para pessoas f\u00edsicas e jur\u00eddicas.\",\"breadcrumb\":{\"@id\":\"https:\\\/\\\/goulart.adv.br\\\/site\\\/clientes\\\/#breadcrumb\"},\"inLanguage\":\"pt-BR\",\"potentialAction\":[{\"@type\":\"ReadAction\",\"target\":[\"https:\\\/\\\/goulart.adv.br\\\/site\\\/clientes\\\/\"]}]},{\"@type\":\"ImageObject\",\"inLanguage\":\"pt-BR\",\"@id\":\"https:\\\/\\\/goulart.adv.br\\\/site\\\/clientes\\\/#primaryimage\",\"url\":\"https:\\\/\\\/goulart.adv.br\\\/site\\\/wp-content\\\/uploads\\\/2015\\\/02\\\/quem_somos.jpg\",\"contentUrl\":\"https:\\\/\\\/goulart.adv.br\\\/site\\\/wp-content\\\/uploads\\\/2015\\\/02\\\/quem_somos.jpg\",\"width\":760,\"height\":360},{\"@type\":\"BreadcrumbList\",\"@id\":\"https:\\\/\\\/goulart.adv.br\\\/site\\\/clientes\\\/#breadcrumb\",\"itemListElement\":[{\"@type\":\"ListItem\",\"position\":1,\"name\":\"In\u00edcio\",\"item\":\"https:\\\/\\\/goulart.adv.br\\\/site\\\/\"},{\"@type\":\"ListItem\",\"position\":2,\"name\":\"Clientes\"}]},{\"@type\":\"WebSite\",\"@id\":\"https:\\\/\\\/goulart.adv.br\\\/site\\\/#website\",\"url\":\"https:\\\/\\\/goulart.adv.br\\\/site\\\/\",\"name\":\"Goulart &amp; Goulart Advogados Trabalhistas e Associados\",\"description\":\"Goulart &amp; Goulart Advogados Trabalhistas e Associados\",\"potentialAction\":[{\"@type\":\"SearchAction\",\"target\":{\"@type\":\"EntryPoint\",\"urlTemplate\":\"https:\\\/\\\/goulart.adv.br\\\/site\\\/?s={search_term_string}\"},\"query-input\":{\"@type\":\"PropertyValueSpecification\",\"valueRequired\":true,\"valueName\":\"search_term_string\"}}],\"inLanguage\":\"pt-BR\"}]}<\/script>\n<!-- \/ Yoast SEO plugin. -->","yoast_head_json":{"title":"Clientes - Goulart &amp; Goulart Advogados Trabalhistas e Associados","description":"Prestamos consultoria e assessoria jur\u00eddica permanente para pessoas f\u00edsicas e jur\u00eddicas.","robots":{"index":"index","follow":"follow","max-snippet":"max-snippet:-1","max-image-preview":"max-image-preview:large","max-video-preview":"max-video-preview:-1"},"canonical":"https:\/\/goulart.adv.br\/site\/clientes\/","og_locale":"pt_BR","og_type":"article","og_title":"Clientes - Goulart &amp; Goulart Advogados Trabalhistas e Associados","og_description":"Prestamos consultoria e assessoria jur\u00eddica permanente para pessoas f\u00edsicas e jur\u00eddicas.","og_url":"https:\/\/goulart.adv.br\/site\/clientes\/","og_site_name":"Goulart &amp; Goulart Advogados Trabalhistas e Associados","article_publisher":"https:\/\/www.facebook.com\/pages\/GoulartGoulart-Advogados-Associados\/1600523293534022","article_modified_time":"2015-03-10T20:11:48+00:00","og_image":[{"url":"https:\/\/goulart.adv.br\/site\/wp-content\/uploads\/2015\/02\/quem_somos-300x142.jpg","type":"","width":"","height":""}],"schema":{"@context":"https:\/\/schema.org","@graph":[{"@type":"WebPage","@id":"https:\/\/goulart.adv.br\/site\/clientes\/","url":"https:\/\/goulart.adv.br\/site\/clientes\/","name":"Clientes - Goulart &amp; Goulart Advogados Trabalhistas e Associados","isPartOf":{"@id":"https:\/\/goulart.adv.br\/site\/#website"},"primaryImageOfPage":{"@id":"https:\/\/goulart.adv.br\/site\/clientes\/#primaryimage"},"image":{"@id":"https:\/\/goulart.adv.br\/site\/clientes\/#primaryimage"},"thumbnailUrl":"https:\/\/goulart.adv.br\/site\/wp-content\/uploads\/2015\/02\/quem_somos-300x142.jpg","datePublished":"2015-02-04T23:51:39+00:00","dateModified":"2015-03-10T20:11:48+00:00","description":"Prestamos consultoria e assessoria jur\u00eddica permanente para pessoas f\u00edsicas e jur\u00eddicas.","breadcrumb":{"@id":"https:\/\/goulart.adv.br\/site\/clientes\/#breadcrumb"},"inLanguage":"pt-BR","potentialAction":[{"@type":"ReadAction","target":["https:\/\/goulart.adv.br\/site\/clientes\/"]}]},{"@type":"ImageObject","inLanguage":"pt-BR","@id":"https:\/\/goulart.adv.br\/site\/clientes\/#primaryimage","url":"https:\/\/goulart.adv.br\/site\/wp-content\/uploads\/2015\/02\/quem_somos.jpg","contentUrl":"https:\/\/goulart.adv.br\/site\/wp-content\/uploads\/2015\/02\/quem_somos.jpg","width":760,"height":360},{"@type":"BreadcrumbList","@id":"https:\/\/goulart.adv.br\/site\/clientes\/#breadcrumb","itemListElement":[{"@type":"ListItem","position":1,"name":"In\u00edcio","item":"https:\/\/goulart.adv.br\/site\/"},{"@type":"ListItem","position":2,"name":"Clientes"}]},{"@type":"WebSite","@id":"https:\/\/goulart.adv.br\/site\/#website","url":"https:\/\/goulart.adv.br\/site\/","name":"Goulart &amp; Goulart Advogados Trabalhistas e Associados","description":"Goulart &amp; Goulart Advogados Trabalhistas e Associados","potentialAction":[{"@type":"SearchAction","target":{"@type":"EntryPoint","urlTemplate":"https:\/\/goulart.adv.br\/site\/?s={search_term_string}"},"query-input":{"@type":"PropertyValueSpecification","valueRequired":true,"valueName":"search_term_string"}}],"inLanguage":"pt-BR"}]}},"_links":{"self":[{"href":"https:\/\/goulart.adv.br\/site\/wp-json\/wp\/v2\/pages\/53","targetHints":{"allow":["GET"]}}],"collection":[{"href":"https:\/\/goulart.adv.br\/site\/wp-json\/wp\/v2\/pages"}],"about":[{"href":"https:\/\/goulart.adv.br\/site\/wp-json\/wp\/v2\/types\/page"}],"author":[{"embeddable":true,"href":"https:\/\/goulart.adv.br\/site\/wp-json\/wp\/v2\/users\/1"}],"replies":[{"embeddable":true,"href":"https:\/\/goulart.adv.br\/site\/wp-json\/wp\/v2\/comments?post=53"}],"version-history":[{"count":3,"href":"https:\/\/goulart.adv.br\/site\/wp-json\/wp\/v2\/pages\/53\/revisions"}],"predecessor-version":[{"id":150,"href":"https:\/\/goulart.adv.br\/site\/wp-json\/wp\/v2\/pages\/53\/revisions\/150"}],"wp:attachment":[{"href":"https:\/\/goulart.adv.br\/site\/wp-json\/wp\/v2\/media?parent=53"}],"curies":[{"name":"wp","href":"https:\/\/api.w.org\/{rel}","templated":true}]}}