{"id":30,"date":"2015-02-04T23:40:02","date_gmt":"2015-02-04T23:40:02","guid":{"rendered":"http:\/\/goulart.adv.br\/site\/?page_id=30"},"modified":"2015-03-10T20:12:41","modified_gmt":"2015-03-10T20:12:41","slug":"diferenciais","status":"publish","type":"page","link":"https:\/\/goulart.adv.br\/site\/diferenciais\/","title":{"rendered":"Diferenciais"},"content":{"rendered":"<p style=\"text-align: center;\"><img loading=\"lazy\" decoding=\"async\" class=\"aligncenter size-full wp-image-179\" src=\"https:\/\/goulart.adv.br\/site\/wp-content\/uploads\/2015\/02\/diferenciais2.jpg\" alt=\"diferenciais\" width=\"1100\" height=\"367\" data-id=\"179\" srcset=\"https:\/\/goulart.adv.br\/site\/wp-content\/uploads\/2015\/02\/diferenciais2.jpg 1100w, https:\/\/goulart.adv.br\/site\/wp-content\/uploads\/2015\/02\/diferenciais2-300x100.jpg 300w, https:\/\/goulart.adv.br\/site\/wp-content\/uploads\/2015\/02\/diferenciais2-1024x342.jpg 1024w\" sizes=\"auto, (max-width: 1100px) 100vw, 1100px\" \/><\/p>\n<p style=\"text-align: justify;\">Procuramos uma forma humanizada de atendimento, sempre entrando em contato com o nosso cliente procurando entender cada caso de forma isolada e honrando a import\u00e2ncia do papel do advogado como operador do direito.<\/p>\n<p style=\"text-align: justify;\">Advocacia de meio e n\u00e3o de fim, este \u00e9 um grande diferencial em nosso escrit\u00f3rio, pois estamos buscando sempre esclarecer o andamento processual aos nossos clientes para que este sempre esteja de acordo e consciente de que visamos atrav\u00e9s dos mais de 30 anos de pr\u00e1tica na advocacia e oferecer a melhor decis\u00e3o para os processos em quest\u00e3o.<\/p>\n<p style=\"text-align: justify;\">Temos sempre em mente que a causa em voga n\u00e3o \u00e9 nossa e sim do cliente, por isso sempre tomamos decis\u00f5es de forma conjunta com o cliente, marcando reuni\u00f5es e verificando qual a necessidade do cliente.<\/p>\n<p style=\"text-align: justify;\">Trabalhamos em equipe, de forma que todos os advogados trabalham em todos os casos em quest\u00e3o, assim todos os profissionais ficam familiarizados com os processos do escrit\u00f3rio, podendo desta forma trocar experi\u00eancia e opini\u00f5es para os casos.<\/p>\n<p style=\"text-align: justify;\">Fazemos quest\u00e3o de comunicar aos clientes prontamente das datas das audi\u00eancias de maneira cont\u00ednua, para que este se tranquilize e possa sempre se organizar para comparecer na data designada.<\/p>\n<p style=\"text-align: justify;\">Nosso lema \u00e9 seriedade, transpar\u00eancia, consci\u00eancia e dedica\u00e7\u00e3o, estamos h\u00e1 mais de 30 anos no mercado da advocacia, sempre olhando para o futuro, mas nunca esquecendo o passado que traz experi\u00eancia e sapi\u00eancia na resolu\u00e7\u00e3o de conflitos.<\/p>\n","protected":false},"excerpt":{"rendered":"<p>Procuramos uma forma humanizada de atendimento, sempre entrando em contato com o nosso cliente procurando entender cada caso de forma isolada e honrando a import\u00e2ncia do papel do advogado como operador do direito. Advocacia de meio e n\u00e3o de fim, este \u00e9 um grande diferencial em nosso escrit\u00f3rio, pois estamos buscando sempre esclarecer o andamento processual aos nossos clientes para [&#8230;]<\/p>\n","protected":false},"author":1,"featured_media":0,"parent":0,"menu_order":4,"comment_status":"closed","ping_status":"closed","template":"","meta":{"_acf_changed":false,"footnotes":""},"class_list":["post-30","page","type-page","status-publish","hentry"],"acf":[],"yoast_head":"<!-- This site is optimized with the Yoast SEO plugin v27.3 - https:\/\/yoast.com\/product\/yoast-seo-wordpress\/ -->\n<title>Diferenciais - Goulart &amp; Goulart Advogados Trabalhistas e Associados<\/title>\n<meta name=\"description\" content=\"Atendimento humanizado e personalizado ao cliente na resolu\u00e7\u00e3o de conflitos.\" \/>\n<meta name=\"robots\" content=\"index, follow, max-snippet:-1, max-image-preview:large, max-video-preview:-1\" \/>\n<link rel=\"canonical\" href=\"https:\/\/goulart.adv.br\/site\/diferenciais\/\" \/>\n<meta property=\"og:locale\" content=\"pt_BR\" \/>\n<meta property=\"og:type\" content=\"article\" \/>\n<meta property=\"og:title\" content=\"Diferenciais - Goulart &amp; Goulart Advogados Trabalhistas e Associados\" \/>\n<meta property=\"og:description\" content=\"Atendimento humanizado e personalizado ao cliente na resolu\u00e7\u00e3o de conflitos.\" \/>\n<meta property=\"og:url\" content=\"https:\/\/goulart.adv.br\/site\/diferenciais\/\" \/>\n<meta property=\"og:site_name\" content=\"Goulart &amp; Goulart Advogados Trabalhistas e Associados\" \/>\n<meta property=\"article:publisher\" content=\"https:\/\/www.facebook.com\/pages\/GoulartGoulart-Advogados-Associados\/1600523293534022\" \/>\n<meta property=\"article:modified_time\" content=\"2015-03-10T20:12:41+00:00\" \/>\n<meta property=\"og:image\" content=\"https:\/\/goulart.adv.br\/site\/wp-content\/uploads\/2015\/02\/diferenciais2.jpg\" \/>\n<meta name=\"twitter:label1\" content=\"Est. tempo de leitura\" \/>\n\t<meta name=\"twitter:data1\" content=\"1 minuto\" \/>\n<script type=\"application\/ld+json\" class=\"yoast-schema-graph\">{\"@context\":\"https:\\\/\\\/schema.org\",\"@graph\":[{\"@type\":\"WebPage\",\"@id\":\"https:\\\/\\\/goulart.adv.br\\\/site\\\/diferenciais\\\/\",\"url\":\"https:\\\/\\\/goulart.adv.br\\\/site\\\/diferenciais\\\/\",\"name\":\"Diferenciais - Goulart &amp; Goulart Advogados Trabalhistas e Associados\",\"isPartOf\":{\"@id\":\"https:\\\/\\\/goulart.adv.br\\\/site\\\/#website\"},\"primaryImageOfPage\":{\"@id\":\"https:\\\/\\\/goulart.adv.br\\\/site\\\/diferenciais\\\/#primaryimage\"},\"image\":{\"@id\":\"https:\\\/\\\/goulart.adv.br\\\/site\\\/diferenciais\\\/#primaryimage\"},\"thumbnailUrl\":\"https:\\\/\\\/goulart.adv.br\\\/site\\\/wp-content\\\/uploads\\\/2015\\\/02\\\/diferenciais2.jpg\",\"datePublished\":\"2015-02-04T23:40:02+00:00\",\"dateModified\":\"2015-03-10T20:12:41+00:00\",\"description\":\"Atendimento humanizado e personalizado ao cliente na resolu\u00e7\u00e3o de conflitos.\",\"breadcrumb\":{\"@id\":\"https:\\\/\\\/goulart.adv.br\\\/site\\\/diferenciais\\\/#breadcrumb\"},\"inLanguage\":\"pt-BR\",\"potentialAction\":[{\"@type\":\"ReadAction\",\"target\":[\"https:\\\/\\\/goulart.adv.br\\\/site\\\/diferenciais\\\/\"]}]},{\"@type\":\"ImageObject\",\"inLanguage\":\"pt-BR\",\"@id\":\"https:\\\/\\\/goulart.adv.br\\\/site\\\/diferenciais\\\/#primaryimage\",\"url\":\"https:\\\/\\\/goulart.adv.br\\\/site\\\/wp-content\\\/uploads\\\/2015\\\/02\\\/diferenciais2.jpg\",\"contentUrl\":\"https:\\\/\\\/goulart.adv.br\\\/site\\\/wp-content\\\/uploads\\\/2015\\\/02\\\/diferenciais2.jpg\",\"width\":1100,\"height\":367},{\"@type\":\"BreadcrumbList\",\"@id\":\"https:\\\/\\\/goulart.adv.br\\\/site\\\/diferenciais\\\/#breadcrumb\",\"itemListElement\":[{\"@type\":\"ListItem\",\"position\":1,\"name\":\"In\u00edcio\",\"item\":\"https:\\\/\\\/goulart.adv.br\\\/site\\\/\"},{\"@type\":\"ListItem\",\"position\":2,\"name\":\"Diferenciais\"}]},{\"@type\":\"WebSite\",\"@id\":\"https:\\\/\\\/goulart.adv.br\\\/site\\\/#website\",\"url\":\"https:\\\/\\\/goulart.adv.br\\\/site\\\/\",\"name\":\"Goulart &amp; Goulart Advogados Trabalhistas e Associados\",\"description\":\"Goulart &amp; Goulart Advogados Trabalhistas e Associados\",\"potentialAction\":[{\"@type\":\"SearchAction\",\"target\":{\"@type\":\"EntryPoint\",\"urlTemplate\":\"https:\\\/\\\/goulart.adv.br\\\/site\\\/?s={search_term_string}\"},\"query-input\":{\"@type\":\"PropertyValueSpecification\",\"valueRequired\":true,\"valueName\":\"search_term_string\"}}],\"inLanguage\":\"pt-BR\"}]}<\/script>\n<!-- \/ Yoast SEO plugin. -->","yoast_head_json":{"title":"Diferenciais - Goulart &amp; Goulart Advogados Trabalhistas e Associados","description":"Atendimento humanizado e personalizado ao cliente na resolu\u00e7\u00e3o de conflitos.","robots":{"index":"index","follow":"follow","max-snippet":"max-snippet:-1","max-image-preview":"max-image-preview:large","max-video-preview":"max-video-preview:-1"},"canonical":"https:\/\/goulart.adv.br\/site\/diferenciais\/","og_locale":"pt_BR","og_type":"article","og_title":"Diferenciais - Goulart &amp; Goulart Advogados Trabalhistas e Associados","og_description":"Atendimento humanizado e personalizado ao cliente na resolu\u00e7\u00e3o de conflitos.","og_url":"https:\/\/goulart.adv.br\/site\/diferenciais\/","og_site_name":"Goulart &amp; Goulart Advogados Trabalhistas e Associados","article_publisher":"https:\/\/www.facebook.com\/pages\/GoulartGoulart-Advogados-Associados\/1600523293534022","article_modified_time":"2015-03-10T20:12:41+00:00","og_image":[{"url":"https:\/\/goulart.adv.br\/site\/wp-content\/uploads\/2015\/02\/diferenciais2.jpg","type":"","width":"","height":""}],"twitter_misc":{"Est. tempo de leitura":"1 minuto"},"schema":{"@context":"https:\/\/schema.org","@graph":[{"@type":"WebPage","@id":"https:\/\/goulart.adv.br\/site\/diferenciais\/","url":"https:\/\/goulart.adv.br\/site\/diferenciais\/","name":"Diferenciais - Goulart &amp; Goulart Advogados Trabalhistas e Associados","isPartOf":{"@id":"https:\/\/goulart.adv.br\/site\/#website"},"primaryImageOfPage":{"@id":"https:\/\/goulart.adv.br\/site\/diferenciais\/#primaryimage"},"image":{"@id":"https:\/\/goulart.adv.br\/site\/diferenciais\/#primaryimage"},"thumbnailUrl":"https:\/\/goulart.adv.br\/site\/wp-content\/uploads\/2015\/02\/diferenciais2.jpg","datePublished":"2015-02-04T23:40:02+00:00","dateModified":"2015-03-10T20:12:41+00:00","description":"Atendimento humanizado e personalizado ao cliente na resolu\u00e7\u00e3o de conflitos.","breadcrumb":{"@id":"https:\/\/goulart.adv.br\/site\/diferenciais\/#breadcrumb"},"inLanguage":"pt-BR","potentialAction":[{"@type":"ReadAction","target":["https:\/\/goulart.adv.br\/site\/diferenciais\/"]}]},{"@type":"ImageObject","inLanguage":"pt-BR","@id":"https:\/\/goulart.adv.br\/site\/diferenciais\/#primaryimage","url":"https:\/\/goulart.adv.br\/site\/wp-content\/uploads\/2015\/02\/diferenciais2.jpg","contentUrl":"https:\/\/goulart.adv.br\/site\/wp-content\/uploads\/2015\/02\/diferenciais2.jpg","width":1100,"height":367},{"@type":"BreadcrumbList","@id":"https:\/\/goulart.adv.br\/site\/diferenciais\/#breadcrumb","itemListElement":[{"@type":"ListItem","position":1,"name":"In\u00edcio","item":"https:\/\/goulart.adv.br\/site\/"},{"@type":"ListItem","position":2,"name":"Diferenciais"}]},{"@type":"WebSite","@id":"https:\/\/goulart.adv.br\/site\/#website","url":"https:\/\/goulart.adv.br\/site\/","name":"Goulart &amp; Goulart Advogados Trabalhistas e Associados","description":"Goulart &amp; Goulart Advogados Trabalhistas e Associados","potentialAction":[{"@type":"SearchAction","target":{"@type":"EntryPoint","urlTemplate":"https:\/\/goulart.adv.br\/site\/?s={search_term_string}"},"query-input":{"@type":"PropertyValueSpecification","valueRequired":true,"valueName":"search_term_string"}}],"inLanguage":"pt-BR"}]}},"_links":{"self":[{"href":"https:\/\/goulart.adv.br\/site\/wp-json\/wp\/v2\/pages\/30","targetHints":{"allow":["GET"]}}],"collection":[{"href":"https:\/\/goulart.adv.br\/site\/wp-json\/wp\/v2\/pages"}],"about":[{"href":"https:\/\/goulart.adv.br\/site\/wp-json\/wp\/v2\/types\/page"}],"author":[{"embeddable":true,"href":"https:\/\/goulart.adv.br\/site\/wp-json\/wp\/v2\/users\/1"}],"replies":[{"embeddable":true,"href":"https:\/\/goulart.adv.br\/site\/wp-json\/wp\/v2\/comments?post=30"}],"version-history":[{"count":6,"href":"https:\/\/goulart.adv.br\/site\/wp-json\/wp\/v2\/pages\/30\/revisions"}],"predecessor-version":[{"id":192,"href":"https:\/\/goulart.adv.br\/site\/wp-json\/wp\/v2\/pages\/30\/revisions\/192"}],"wp:attachment":[{"href":"https:\/\/goulart.adv.br\/site\/wp-json\/wp\/v2\/media?parent=30"}],"curies":[{"name":"wp","href":"https:\/\/api.w.org\/{rel}","templated":true}]}}