{"id":28,"date":"2015-02-04T23:39:22","date_gmt":"2015-02-04T23:39:22","guid":{"rendered":"http:\/\/goulart.adv.br\/site\/?page_id=28"},"modified":"2015-03-10T20:10:44","modified_gmt":"2015-03-10T20:10:44","slug":"advocacia-de-apoio","status":"publish","type":"page","link":"https:\/\/goulart.adv.br\/site\/formas-de-atuacao\/advocacia-de-apoio\/","title":{"rendered":"Advocacia de Apoio"},"content":{"rendered":"<p style=\"text-align: justify;\">Prospectamos e divulgamos este servi\u00e7o para grandes escrit\u00f3rios de outras cidades e estados para prestarmos representa\u00e7\u00e3o jur\u00eddica em tribunais, acordos, audi\u00eancias e dilig\u00eancias nas \u00e1reas do direito que atuam.<\/p>\n<p style=\"text-align: justify;\"><img loading=\"lazy\" decoding=\"async\" class=\"aligncenter size-full wp-image-115\" src=\"https:\/\/goulart.adv.br\/site\/wp-content\/uploads\/2015\/02\/formas_apoio.jpg\" alt=\"formas_apoio\" width=\"760\" height=\"360\" data-id=\"115\" srcset=\"https:\/\/goulart.adv.br\/site\/wp-content\/uploads\/2015\/02\/formas_apoio.jpg 760w, https:\/\/goulart.adv.br\/site\/wp-content\/uploads\/2015\/02\/formas_apoio-300x142.jpg 300w\" sizes=\"auto, (max-width: 760px) 100vw, 760px\" \/><\/p>\n","protected":false},"excerpt":{"rendered":"<p>Prospectamos e divulgamos este servi\u00e7o para grandes escrit\u00f3rios de outras cidades e estados para prestarmos representa\u00e7\u00e3o jur\u00eddica em tribunais, acordos, audi\u00eancias e dilig\u00eancias nas \u00e1reas do direito que atuam.<\/p>\n","protected":false},"author":1,"featured_media":117,"parent":22,"menu_order":3,"comment_status":"closed","ping_status":"closed","template":"","meta":{"_acf_changed":false,"footnotes":""},"class_list":["post-28","page","type-page","status-publish","has-post-thumbnail","hentry"],"acf":[],"yoast_head":"<!-- This site is optimized with the Yoast SEO plugin v27.4 - https:\/\/yoast.com\/product\/yoast-seo-wordpress\/ -->\n<title>Advocacia de Apoio - Goulart &amp; Goulart Advogados Trabalhistas e Associados<\/title>\n<meta name=\"description\" content=\"Prospectamos este servi\u00e7o para escrit\u00f3rios de outras cidades e estados para representa\u00e7\u00e3o jur\u00eddica em tribunais, audi\u00eancias e dilig\u00eancias nas \u00e1reas em que atuam.\" \/>\n<meta name=\"robots\" content=\"index, follow, max-snippet:-1, max-image-preview:large, max-video-preview:-1\" \/>\n<link rel=\"canonical\" href=\"https:\/\/goulart.adv.br\/site\/formas-de-atuacao\/advocacia-de-apoio\/\" \/>\n<meta property=\"og:locale\" content=\"pt_BR\" \/>\n<meta property=\"og:type\" content=\"article\" \/>\n<meta property=\"og:title\" content=\"Advocacia de Apoio - Goulart &amp; Goulart Advogados Trabalhistas e Associados\" \/>\n<meta property=\"og:description\" content=\"Prospectamos este servi\u00e7o para escrit\u00f3rios de outras cidades e estados para representa\u00e7\u00e3o jur\u00eddica em tribunais, audi\u00eancias e dilig\u00eancias nas \u00e1reas em que atuam.\" \/>\n<meta property=\"og:url\" content=\"https:\/\/goulart.adv.br\/site\/formas-de-atuacao\/advocacia-de-apoio\/\" \/>\n<meta property=\"og:site_name\" content=\"Goulart &amp; Goulart Advogados Trabalhistas e Associados\" \/>\n<meta property=\"article:publisher\" content=\"https:\/\/www.facebook.com\/pages\/GoulartGoulart-Advogados-Associados\/1600523293534022\" \/>\n<meta property=\"article:modified_time\" content=\"2015-03-10T20:10:44+00:00\" \/>\n<meta property=\"og:image\" content=\"https:\/\/goulart.adv.br\/site\/wp-content\/uploads\/2015\/02\/formas_apoio_thumb.jpg\" \/>\n\t<meta property=\"og:image:width\" content=\"330\" \/>\n\t<meta property=\"og:image:height\" content=\"200\" \/>\n\t<meta property=\"og:image:type\" content=\"image\/jpeg\" \/>\n<script type=\"application\/ld+json\" class=\"yoast-schema-graph\">{\"@context\":\"https:\\\/\\\/schema.org\",\"@graph\":[{\"@type\":\"WebPage\",\"@id\":\"https:\\\/\\\/goulart.adv.br\\\/site\\\/formas-de-atuacao\\\/advocacia-de-apoio\\\/\",\"url\":\"https:\\\/\\\/goulart.adv.br\\\/site\\\/formas-de-atuacao\\\/advocacia-de-apoio\\\/\",\"name\":\"Advocacia de Apoio - Goulart &amp; Goulart Advogados Trabalhistas e Associados\",\"isPartOf\":{\"@id\":\"https:\\\/\\\/goulart.adv.br\\\/site\\\/#website\"},\"primaryImageOfPage\":{\"@id\":\"https:\\\/\\\/goulart.adv.br\\\/site\\\/formas-de-atuacao\\\/advocacia-de-apoio\\\/#primaryimage\"},\"image\":{\"@id\":\"https:\\\/\\\/goulart.adv.br\\\/site\\\/formas-de-atuacao\\\/advocacia-de-apoio\\\/#primaryimage\"},\"thumbnailUrl\":\"https:\\\/\\\/goulart.adv.br\\\/site\\\/wp-content\\\/uploads\\\/2015\\\/02\\\/formas_apoio_thumb.jpg\",\"datePublished\":\"2015-02-04T23:39:22+00:00\",\"dateModified\":\"2015-03-10T20:10:44+00:00\",\"description\":\"Prospectamos este servi\u00e7o para escrit\u00f3rios de outras cidades e estados para representa\u00e7\u00e3o jur\u00eddica em tribunais, audi\u00eancias e dilig\u00eancias nas \u00e1reas em que atuam.\",\"breadcrumb\":{\"@id\":\"https:\\\/\\\/goulart.adv.br\\\/site\\\/formas-de-atuacao\\\/advocacia-de-apoio\\\/#breadcrumb\"},\"inLanguage\":\"pt-BR\",\"potentialAction\":[{\"@type\":\"ReadAction\",\"target\":[\"https:\\\/\\\/goulart.adv.br\\\/site\\\/formas-de-atuacao\\\/advocacia-de-apoio\\\/\"]}]},{\"@type\":\"ImageObject\",\"inLanguage\":\"pt-BR\",\"@id\":\"https:\\\/\\\/goulart.adv.br\\\/site\\\/formas-de-atuacao\\\/advocacia-de-apoio\\\/#primaryimage\",\"url\":\"https:\\\/\\\/goulart.adv.br\\\/site\\\/wp-content\\\/uploads\\\/2015\\\/02\\\/formas_apoio_thumb.jpg\",\"contentUrl\":\"https:\\\/\\\/goulart.adv.br\\\/site\\\/wp-content\\\/uploads\\\/2015\\\/02\\\/formas_apoio_thumb.jpg\",\"width\":330,\"height\":200},{\"@type\":\"BreadcrumbList\",\"@id\":\"https:\\\/\\\/goulart.adv.br\\\/site\\\/formas-de-atuacao\\\/advocacia-de-apoio\\\/#breadcrumb\",\"itemListElement\":[{\"@type\":\"ListItem\",\"position\":1,\"name\":\"In\u00edcio\",\"item\":\"https:\\\/\\\/goulart.adv.br\\\/site\\\/\"},{\"@type\":\"ListItem\",\"position\":2,\"name\":\"Formas de Atua\u00e7\u00e3o\",\"item\":\"https:\\\/\\\/goulart.adv.br\\\/site\\\/formas-de-atuacao\\\/\"},{\"@type\":\"ListItem\",\"position\":3,\"name\":\"Advocacia de Apoio\"}]},{\"@type\":\"WebSite\",\"@id\":\"https:\\\/\\\/goulart.adv.br\\\/site\\\/#website\",\"url\":\"https:\\\/\\\/goulart.adv.br\\\/site\\\/\",\"name\":\"Goulart &amp; Goulart Advogados Trabalhistas e Associados\",\"description\":\"Goulart &amp; Goulart Advogados Trabalhistas e Associados\",\"potentialAction\":[{\"@type\":\"SearchAction\",\"target\":{\"@type\":\"EntryPoint\",\"urlTemplate\":\"https:\\\/\\\/goulart.adv.br\\\/site\\\/?s={search_term_string}\"},\"query-input\":{\"@type\":\"PropertyValueSpecification\",\"valueRequired\":true,\"valueName\":\"search_term_string\"}}],\"inLanguage\":\"pt-BR\"}]}<\/script>\n<!-- \/ Yoast SEO plugin. -->","yoast_head_json":{"title":"Advocacia de Apoio - Goulart &amp; Goulart Advogados Trabalhistas e Associados","description":"Prospectamos este servi\u00e7o para escrit\u00f3rios de outras cidades e estados para representa\u00e7\u00e3o jur\u00eddica em tribunais, audi\u00eancias e dilig\u00eancias nas \u00e1reas em que atuam.","robots":{"index":"index","follow":"follow","max-snippet":"max-snippet:-1","max-image-preview":"max-image-preview:large","max-video-preview":"max-video-preview:-1"},"canonical":"https:\/\/goulart.adv.br\/site\/formas-de-atuacao\/advocacia-de-apoio\/","og_locale":"pt_BR","og_type":"article","og_title":"Advocacia de Apoio - Goulart &amp; Goulart Advogados Trabalhistas e Associados","og_description":"Prospectamos este servi\u00e7o para escrit\u00f3rios de outras cidades e estados para representa\u00e7\u00e3o jur\u00eddica em tribunais, audi\u00eancias e dilig\u00eancias nas \u00e1reas em que atuam.","og_url":"https:\/\/goulart.adv.br\/site\/formas-de-atuacao\/advocacia-de-apoio\/","og_site_name":"Goulart &amp; Goulart Advogados Trabalhistas e Associados","article_publisher":"https:\/\/www.facebook.com\/pages\/GoulartGoulart-Advogados-Associados\/1600523293534022","article_modified_time":"2015-03-10T20:10:44+00:00","og_image":[{"width":330,"height":200,"url":"https:\/\/goulart.adv.br\/site\/wp-content\/uploads\/2015\/02\/formas_apoio_thumb.jpg","type":"image\/jpeg"}],"schema":{"@context":"https:\/\/schema.org","@graph":[{"@type":"WebPage","@id":"https:\/\/goulart.adv.br\/site\/formas-de-atuacao\/advocacia-de-apoio\/","url":"https:\/\/goulart.adv.br\/site\/formas-de-atuacao\/advocacia-de-apoio\/","name":"Advocacia de Apoio - Goulart &amp; Goulart Advogados Trabalhistas e Associados","isPartOf":{"@id":"https:\/\/goulart.adv.br\/site\/#website"},"primaryImageOfPage":{"@id":"https:\/\/goulart.adv.br\/site\/formas-de-atuacao\/advocacia-de-apoio\/#primaryimage"},"image":{"@id":"https:\/\/goulart.adv.br\/site\/formas-de-atuacao\/advocacia-de-apoio\/#primaryimage"},"thumbnailUrl":"https:\/\/goulart.adv.br\/site\/wp-content\/uploads\/2015\/02\/formas_apoio_thumb.jpg","datePublished":"2015-02-04T23:39:22+00:00","dateModified":"2015-03-10T20:10:44+00:00","description":"Prospectamos este servi\u00e7o para escrit\u00f3rios de outras cidades e estados para representa\u00e7\u00e3o jur\u00eddica em tribunais, audi\u00eancias e dilig\u00eancias nas \u00e1reas em que atuam.","breadcrumb":{"@id":"https:\/\/goulart.adv.br\/site\/formas-de-atuacao\/advocacia-de-apoio\/#breadcrumb"},"inLanguage":"pt-BR","potentialAction":[{"@type":"ReadAction","target":["https:\/\/goulart.adv.br\/site\/formas-de-atuacao\/advocacia-de-apoio\/"]}]},{"@type":"ImageObject","inLanguage":"pt-BR","@id":"https:\/\/goulart.adv.br\/site\/formas-de-atuacao\/advocacia-de-apoio\/#primaryimage","url":"https:\/\/goulart.adv.br\/site\/wp-content\/uploads\/2015\/02\/formas_apoio_thumb.jpg","contentUrl":"https:\/\/goulart.adv.br\/site\/wp-content\/uploads\/2015\/02\/formas_apoio_thumb.jpg","width":330,"height":200},{"@type":"BreadcrumbList","@id":"https:\/\/goulart.adv.br\/site\/formas-de-atuacao\/advocacia-de-apoio\/#breadcrumb","itemListElement":[{"@type":"ListItem","position":1,"name":"In\u00edcio","item":"https:\/\/goulart.adv.br\/site\/"},{"@type":"ListItem","position":2,"name":"Formas de Atua\u00e7\u00e3o","item":"https:\/\/goulart.adv.br\/site\/formas-de-atuacao\/"},{"@type":"ListItem","position":3,"name":"Advocacia de Apoio"}]},{"@type":"WebSite","@id":"https:\/\/goulart.adv.br\/site\/#website","url":"https:\/\/goulart.adv.br\/site\/","name":"Goulart &amp; Goulart Advogados Trabalhistas e Associados","description":"Goulart &amp; Goulart Advogados Trabalhistas e Associados","potentialAction":[{"@type":"SearchAction","target":{"@type":"EntryPoint","urlTemplate":"https:\/\/goulart.adv.br\/site\/?s={search_term_string}"},"query-input":{"@type":"PropertyValueSpecification","valueRequired":true,"valueName":"search_term_string"}}],"inLanguage":"pt-BR"}]}},"_links":{"self":[{"href":"https:\/\/goulart.adv.br\/site\/wp-json\/wp\/v2\/pages\/28","targetHints":{"allow":["GET"]}}],"collection":[{"href":"https:\/\/goulart.adv.br\/site\/wp-json\/wp\/v2\/pages"}],"about":[{"href":"https:\/\/goulart.adv.br\/site\/wp-json\/wp\/v2\/types\/page"}],"author":[{"embeddable":true,"href":"https:\/\/goulart.adv.br\/site\/wp-json\/wp\/v2\/users\/1"}],"replies":[{"embeddable":true,"href":"https:\/\/goulart.adv.br\/site\/wp-json\/wp\/v2\/comments?post=28"}],"version-history":[{"count":2,"href":"https:\/\/goulart.adv.br\/site\/wp-json\/wp\/v2\/pages\/28\/revisions"}],"predecessor-version":[{"id":116,"href":"https:\/\/goulart.adv.br\/site\/wp-json\/wp\/v2\/pages\/28\/revisions\/116"}],"up":[{"embeddable":true,"href":"https:\/\/goulart.adv.br\/site\/wp-json\/wp\/v2\/pages\/22"}],"wp:featuredmedia":[{"embeddable":true,"href":"https:\/\/goulart.adv.br\/site\/wp-json\/wp\/v2\/media\/117"}],"wp:attachment":[{"href":"https:\/\/goulart.adv.br\/site\/wp-json\/wp\/v2\/media?parent=28"}],"curies":[{"name":"wp","href":"https:\/\/api.w.org\/{rel}","templated":true}]}}