{"id":19,"date":"2015-02-04T22:12:16","date_gmt":"2015-02-04T22:12:16","guid":{"rendered":"http:\/\/goulart.adv.br\/site\/?page_id=19"},"modified":"2015-03-10T20:08:29","modified_gmt":"2015-03-10T20:08:29","slug":"direito-previdenciario","status":"publish","type":"page","link":"https:\/\/goulart.adv.br\/site\/areas-de-atuacao\/direito-previdenciario\/","title":{"rendered":"Direito Previdenci\u00e1rio"},"content":{"rendered":"<p style=\"text-align: justify;\">Atuamos na \u00e1rea previdenci\u00e1ria, na forma de consultorias, em casos de desaposenta\u00e7\u00e3o e concess\u00e3o de aposentadoria mais vantajosa, c\u00e1lculos de benef\u00edcios, contagem de tempo de contribui\u00e7\u00e3o, guia de INSS e GRCIS.<\/p>\n<p style=\"text-align: center;\"><img loading=\"lazy\" decoding=\"async\" class=\"aligncenter size-full wp-image-172\" src=\"https:\/\/goulart.adv.br\/site\/wp-content\/uploads\/2015\/02\/area_previdenciais2.jpg\" alt=\"area_previdenciais\" width=\"760\" height=\"360\" data-id=\"172\" \/><\/p>\n","protected":false},"excerpt":{"rendered":"<p>Atuamos na \u00e1rea previdenci\u00e1ria, na forma de consultorias, em casos de desaposenta\u00e7\u00e3o e concess\u00e3o de aposentadoria mais vantajosa, c\u00e1lculos de benef\u00edcios, contagem de tempo de contribui\u00e7\u00e3o, guia de INSS e GRCIS.<\/p>\n","protected":false},"author":1,"featured_media":173,"parent":13,"menu_order":3,"comment_status":"open","ping_status":"closed","template":"","meta":{"_acf_changed":false,"footnotes":""},"class_list":["post-19","page","type-page","status-publish","has-post-thumbnail","hentry"],"acf":[],"yoast_head":"<!-- This site is optimized with the Yoast SEO plugin v27.5 - https:\/\/yoast.com\/product\/yoast-seo-wordpress\/ -->\n<title>Direito Previdenci\u00e1rio - Goulart &amp; Goulart Advogados Trabalhistas e Associados<\/title>\n<meta name=\"description\" content=\"Atuamos em casos de desaposenta\u00e7\u00e3o e de aposentadoria mais vantajosa, c\u00e1lculos de benef\u00edcios, contagem de tempo de contribui\u00e7\u00e3o, guia de INSS e GRCIS.\" \/>\n<meta name=\"robots\" content=\"index, follow, max-snippet:-1, max-image-preview:large, max-video-preview:-1\" \/>\n<link rel=\"canonical\" href=\"https:\/\/goulart.adv.br\/site\/areas-de-atuacao\/direito-previdenciario\/\" \/>\n<meta property=\"og:locale\" content=\"pt_BR\" \/>\n<meta property=\"og:type\" content=\"article\" \/>\n<meta property=\"og:title\" content=\"Direito Previdenci\u00e1rio - Goulart &amp; Goulart Advogados Trabalhistas e Associados\" \/>\n<meta property=\"og:description\" content=\"Atuamos em casos de desaposenta\u00e7\u00e3o e de aposentadoria mais vantajosa, c\u00e1lculos de benef\u00edcios, contagem de tempo de contribui\u00e7\u00e3o, guia de INSS e GRCIS.\" \/>\n<meta property=\"og:url\" content=\"https:\/\/goulart.adv.br\/site\/areas-de-atuacao\/direito-previdenciario\/\" \/>\n<meta property=\"og:site_name\" content=\"Goulart &amp; Goulart Advogados Trabalhistas e Associados\" \/>\n<meta property=\"article:publisher\" content=\"https:\/\/www.facebook.com\/pages\/GoulartGoulart-Advogados-Associados\/1600523293534022\" \/>\n<meta property=\"article:modified_time\" content=\"2015-03-10T20:08:29+00:00\" \/>\n<meta property=\"og:image\" content=\"https:\/\/goulart.adv.br\/site\/wp-content\/uploads\/2015\/02\/area_previdenciais_thumb3.jpg\" \/>\n\t<meta property=\"og:image:width\" content=\"610\" \/>\n\t<meta property=\"og:image:height\" content=\"370\" \/>\n\t<meta property=\"og:image:type\" content=\"image\/jpeg\" \/>\n<script type=\"application\/ld+json\" class=\"yoast-schema-graph\">{\"@context\":\"https:\\\/\\\/schema.org\",\"@graph\":[{\"@type\":\"WebPage\",\"@id\":\"https:\\\/\\\/goulart.adv.br\\\/site\\\/areas-de-atuacao\\\/direito-previdenciario\\\/\",\"url\":\"https:\\\/\\\/goulart.adv.br\\\/site\\\/areas-de-atuacao\\\/direito-previdenciario\\\/\",\"name\":\"Direito Previdenci\u00e1rio - Goulart &amp; Goulart Advogados Trabalhistas e Associados\",\"isPartOf\":{\"@id\":\"https:\\\/\\\/goulart.adv.br\\\/site\\\/#website\"},\"primaryImageOfPage\":{\"@id\":\"https:\\\/\\\/goulart.adv.br\\\/site\\\/areas-de-atuacao\\\/direito-previdenciario\\\/#primaryimage\"},\"image\":{\"@id\":\"https:\\\/\\\/goulart.adv.br\\\/site\\\/areas-de-atuacao\\\/direito-previdenciario\\\/#primaryimage\"},\"thumbnailUrl\":\"https:\\\/\\\/goulart.adv.br\\\/site\\\/wp-content\\\/uploads\\\/2015\\\/02\\\/area_previdenciais_thumb3.jpg\",\"datePublished\":\"2015-02-04T22:12:16+00:00\",\"dateModified\":\"2015-03-10T20:08:29+00:00\",\"description\":\"Atuamos em casos de desaposenta\u00e7\u00e3o e de aposentadoria mais vantajosa, c\u00e1lculos de benef\u00edcios, contagem de tempo de contribui\u00e7\u00e3o, guia de INSS e GRCIS.\",\"breadcrumb\":{\"@id\":\"https:\\\/\\\/goulart.adv.br\\\/site\\\/areas-de-atuacao\\\/direito-previdenciario\\\/#breadcrumb\"},\"inLanguage\":\"pt-BR\",\"potentialAction\":[{\"@type\":\"ReadAction\",\"target\":[\"https:\\\/\\\/goulart.adv.br\\\/site\\\/areas-de-atuacao\\\/direito-previdenciario\\\/\"]}]},{\"@type\":\"ImageObject\",\"inLanguage\":\"pt-BR\",\"@id\":\"https:\\\/\\\/goulart.adv.br\\\/site\\\/areas-de-atuacao\\\/direito-previdenciario\\\/#primaryimage\",\"url\":\"https:\\\/\\\/goulart.adv.br\\\/site\\\/wp-content\\\/uploads\\\/2015\\\/02\\\/area_previdenciais_thumb3.jpg\",\"contentUrl\":\"https:\\\/\\\/goulart.adv.br\\\/site\\\/wp-content\\\/uploads\\\/2015\\\/02\\\/area_previdenciais_thumb3.jpg\",\"width\":610,\"height\":370},{\"@type\":\"BreadcrumbList\",\"@id\":\"https:\\\/\\\/goulart.adv.br\\\/site\\\/areas-de-atuacao\\\/direito-previdenciario\\\/#breadcrumb\",\"itemListElement\":[{\"@type\":\"ListItem\",\"position\":1,\"name\":\"In\u00edcio\",\"item\":\"https:\\\/\\\/goulart.adv.br\\\/site\\\/\"},{\"@type\":\"ListItem\",\"position\":2,\"name\":\"\u00c1reas de Atua\u00e7\u00e3o\",\"item\":\"https:\\\/\\\/goulart.adv.br\\\/site\\\/areas-de-atuacao\\\/\"},{\"@type\":\"ListItem\",\"position\":3,\"name\":\"Direito Previdenci\u00e1rio\"}]},{\"@type\":\"WebSite\",\"@id\":\"https:\\\/\\\/goulart.adv.br\\\/site\\\/#website\",\"url\":\"https:\\\/\\\/goulart.adv.br\\\/site\\\/\",\"name\":\"Goulart &amp; Goulart Advogados Trabalhistas e Associados\",\"description\":\"Goulart &amp; Goulart Advogados Trabalhistas e Associados\",\"potentialAction\":[{\"@type\":\"SearchAction\",\"target\":{\"@type\":\"EntryPoint\",\"urlTemplate\":\"https:\\\/\\\/goulart.adv.br\\\/site\\\/?s={search_term_string}\"},\"query-input\":{\"@type\":\"PropertyValueSpecification\",\"valueRequired\":true,\"valueName\":\"search_term_string\"}}],\"inLanguage\":\"pt-BR\"}]}<\/script>\n<!-- \/ Yoast SEO plugin. -->","yoast_head_json":{"title":"Direito Previdenci\u00e1rio - Goulart &amp; Goulart Advogados Trabalhistas e Associados","description":"Atuamos em casos de desaposenta\u00e7\u00e3o e de aposentadoria mais vantajosa, c\u00e1lculos de benef\u00edcios, contagem de tempo de contribui\u00e7\u00e3o, guia de INSS e GRCIS.","robots":{"index":"index","follow":"follow","max-snippet":"max-snippet:-1","max-image-preview":"max-image-preview:large","max-video-preview":"max-video-preview:-1"},"canonical":"https:\/\/goulart.adv.br\/site\/areas-de-atuacao\/direito-previdenciario\/","og_locale":"pt_BR","og_type":"article","og_title":"Direito Previdenci\u00e1rio - Goulart &amp; Goulart Advogados Trabalhistas e Associados","og_description":"Atuamos em casos de desaposenta\u00e7\u00e3o e de aposentadoria mais vantajosa, c\u00e1lculos de benef\u00edcios, contagem de tempo de contribui\u00e7\u00e3o, guia de INSS e GRCIS.","og_url":"https:\/\/goulart.adv.br\/site\/areas-de-atuacao\/direito-previdenciario\/","og_site_name":"Goulart &amp; Goulart Advogados Trabalhistas e Associados","article_publisher":"https:\/\/www.facebook.com\/pages\/GoulartGoulart-Advogados-Associados\/1600523293534022","article_modified_time":"2015-03-10T20:08:29+00:00","og_image":[{"width":610,"height":370,"url":"https:\/\/goulart.adv.br\/site\/wp-content\/uploads\/2015\/02\/area_previdenciais_thumb3.jpg","type":"image\/jpeg"}],"schema":{"@context":"https:\/\/schema.org","@graph":[{"@type":"WebPage","@id":"https:\/\/goulart.adv.br\/site\/areas-de-atuacao\/direito-previdenciario\/","url":"https:\/\/goulart.adv.br\/site\/areas-de-atuacao\/direito-previdenciario\/","name":"Direito Previdenci\u00e1rio - Goulart &amp; Goulart Advogados Trabalhistas e Associados","isPartOf":{"@id":"https:\/\/goulart.adv.br\/site\/#website"},"primaryImageOfPage":{"@id":"https:\/\/goulart.adv.br\/site\/areas-de-atuacao\/direito-previdenciario\/#primaryimage"},"image":{"@id":"https:\/\/goulart.adv.br\/site\/areas-de-atuacao\/direito-previdenciario\/#primaryimage"},"thumbnailUrl":"https:\/\/goulart.adv.br\/site\/wp-content\/uploads\/2015\/02\/area_previdenciais_thumb3.jpg","datePublished":"2015-02-04T22:12:16+00:00","dateModified":"2015-03-10T20:08:29+00:00","description":"Atuamos em casos de desaposenta\u00e7\u00e3o e de aposentadoria mais vantajosa, c\u00e1lculos de benef\u00edcios, contagem de tempo de contribui\u00e7\u00e3o, guia de INSS e GRCIS.","breadcrumb":{"@id":"https:\/\/goulart.adv.br\/site\/areas-de-atuacao\/direito-previdenciario\/#breadcrumb"},"inLanguage":"pt-BR","potentialAction":[{"@type":"ReadAction","target":["https:\/\/goulart.adv.br\/site\/areas-de-atuacao\/direito-previdenciario\/"]}]},{"@type":"ImageObject","inLanguage":"pt-BR","@id":"https:\/\/goulart.adv.br\/site\/areas-de-atuacao\/direito-previdenciario\/#primaryimage","url":"https:\/\/goulart.adv.br\/site\/wp-content\/uploads\/2015\/02\/area_previdenciais_thumb3.jpg","contentUrl":"https:\/\/goulart.adv.br\/site\/wp-content\/uploads\/2015\/02\/area_previdenciais_thumb3.jpg","width":610,"height":370},{"@type":"BreadcrumbList","@id":"https:\/\/goulart.adv.br\/site\/areas-de-atuacao\/direito-previdenciario\/#breadcrumb","itemListElement":[{"@type":"ListItem","position":1,"name":"In\u00edcio","item":"https:\/\/goulart.adv.br\/site\/"},{"@type":"ListItem","position":2,"name":"\u00c1reas de Atua\u00e7\u00e3o","item":"https:\/\/goulart.adv.br\/site\/areas-de-atuacao\/"},{"@type":"ListItem","position":3,"name":"Direito Previdenci\u00e1rio"}]},{"@type":"WebSite","@id":"https:\/\/goulart.adv.br\/site\/#website","url":"https:\/\/goulart.adv.br\/site\/","name":"Goulart &amp; Goulart Advogados Trabalhistas e Associados","description":"Goulart &amp; Goulart Advogados Trabalhistas e Associados","potentialAction":[{"@type":"SearchAction","target":{"@type":"EntryPoint","urlTemplate":"https:\/\/goulart.adv.br\/site\/?s={search_term_string}"},"query-input":{"@type":"PropertyValueSpecification","valueRequired":true,"valueName":"search_term_string"}}],"inLanguage":"pt-BR"}]}},"_links":{"self":[{"href":"https:\/\/goulart.adv.br\/site\/wp-json\/wp\/v2\/pages\/19","targetHints":{"allow":["GET"]}}],"collection":[{"href":"https:\/\/goulart.adv.br\/site\/wp-json\/wp\/v2\/pages"}],"about":[{"href":"https:\/\/goulart.adv.br\/site\/wp-json\/wp\/v2\/types\/page"}],"author":[{"embeddable":true,"href":"https:\/\/goulart.adv.br\/site\/wp-json\/wp\/v2\/users\/1"}],"replies":[{"embeddable":true,"href":"https:\/\/goulart.adv.br\/site\/wp-json\/wp\/v2\/comments?post=19"}],"version-history":[{"count":4,"href":"https:\/\/goulart.adv.br\/site\/wp-json\/wp\/v2\/pages\/19\/revisions"}],"predecessor-version":[{"id":175,"href":"https:\/\/goulart.adv.br\/site\/wp-json\/wp\/v2\/pages\/19\/revisions\/175"}],"up":[{"embeddable":true,"href":"https:\/\/goulart.adv.br\/site\/wp-json\/wp\/v2\/pages\/13"}],"wp:featuredmedia":[{"embeddable":true,"href":"https:\/\/goulart.adv.br\/site\/wp-json\/wp\/v2\/media\/173"}],"wp:attachment":[{"href":"https:\/\/goulart.adv.br\/site\/wp-json\/wp\/v2\/media?parent=19"}],"curies":[{"name":"wp","href":"https:\/\/api.w.org\/{rel}","templated":true}]}}