{"id":17,"date":"2015-02-04T22:11:43","date_gmt":"2015-02-04T22:11:43","guid":{"rendered":"http:\/\/goulart.adv.br\/site\/?page_id=17"},"modified":"2015-03-10T20:07:45","modified_gmt":"2015-03-10T20:07:45","slug":"direito-civil-direito-de-familia","status":"publish","type":"page","link":"https:\/\/goulart.adv.br\/site\/areas-de-atuacao\/direito-civil-direito-de-familia\/","title":{"rendered":"Direito Civil\/ Direito de Fam\u00edlia"},"content":{"rendered":"<p style=\"text-align: justify;\">Atuamos em todas as \u00e1reas pertinentes ao Direito Civil, desde a elabora\u00e7\u00e3o de notifica\u00e7\u00f5es extrajudiciais, revis\u00e3o de contratos, cobran\u00e7as injustificadas, contratos de compra e venda, invent\u00e1rios, casamentos, a\u00e7\u00f5es de guarda, enfim visamos a resolu\u00e7\u00e3o de conflitos jur\u00eddicos com o interesse de dirimir conflitos nas rela\u00e7\u00f5es interpessoais.<\/p>\n<p style=\"text-align: center;\"><img loading=\"lazy\" decoding=\"async\" class=\"aligncenter size-full wp-image-177\" src=\"https:\/\/goulart.adv.br\/site\/wp-content\/uploads\/2015\/02\/area_familia2.jpg\" alt=\"area_familia\" width=\"760\" height=\"360\" data-id=\"177\" srcset=\"https:\/\/goulart.adv.br\/site\/wp-content\/uploads\/2015\/02\/area_familia2.jpg 760w, https:\/\/goulart.adv.br\/site\/wp-content\/uploads\/2015\/02\/area_familia2-300x142.jpg 300w\" sizes=\"auto, (max-width: 760px) 100vw, 760px\" \/><\/p>\n<p style=\"text-align: justify;\">\n","protected":false},"excerpt":{"rendered":"<p>Atuamos em todas as \u00e1reas pertinentes ao Direito Civil, desde a elabora\u00e7\u00e3o de notifica\u00e7\u00f5es extrajudiciais, revis\u00e3o de contratos, cobran\u00e7as injustificadas, contratos de compra e venda, invent\u00e1rios, casamentos, a\u00e7\u00f5es de guarda, enfim visamos a resolu\u00e7\u00e3o de conflitos jur\u00eddicos com o interesse de dirimir conflitos nas rela\u00e7\u00f5es interpessoais.<\/p>\n","protected":false},"author":1,"featured_media":176,"parent":13,"menu_order":2,"comment_status":"open","ping_status":"closed","template":"","meta":{"_acf_changed":false,"footnotes":""},"class_list":["post-17","page","type-page","status-publish","has-post-thumbnail","hentry"],"acf":[],"yoast_head":"<!-- This site is optimized with the Yoast SEO plugin v27.5 - https:\/\/yoast.com\/product\/yoast-seo-wordpress\/ -->\n<title>Direito Civil\/ Direito de Fam\u00edlia - Goulart &amp; Goulart Advogados Trabalhistas e Associados<\/title>\n<meta name=\"description\" content=\"Atuamos em todas as \u00e1reas do Direito Civil visando \u00e0 resolu\u00e7\u00e3o de conflitos jur\u00eddicos.\" \/>\n<meta name=\"robots\" content=\"index, follow, max-snippet:-1, max-image-preview:large, max-video-preview:-1\" \/>\n<link rel=\"canonical\" href=\"https:\/\/goulart.adv.br\/site\/areas-de-atuacao\/direito-civil-direito-de-familia\/\" \/>\n<meta property=\"og:locale\" content=\"pt_BR\" \/>\n<meta property=\"og:type\" content=\"article\" \/>\n<meta property=\"og:title\" content=\"Direito Civil\/ Direito de Fam\u00edlia - Goulart &amp; Goulart Advogados Trabalhistas e Associados\" \/>\n<meta property=\"og:description\" content=\"Atuamos em todas as \u00e1reas do Direito Civil visando \u00e0 resolu\u00e7\u00e3o de conflitos jur\u00eddicos.\" \/>\n<meta property=\"og:url\" content=\"https:\/\/goulart.adv.br\/site\/areas-de-atuacao\/direito-civil-direito-de-familia\/\" \/>\n<meta property=\"og:site_name\" content=\"Goulart &amp; Goulart Advogados Trabalhistas e Associados\" \/>\n<meta property=\"article:publisher\" content=\"https:\/\/www.facebook.com\/pages\/GoulartGoulart-Advogados-Associados\/1600523293534022\" \/>\n<meta property=\"article:modified_time\" content=\"2015-03-10T20:07:45+00:00\" \/>\n<meta property=\"og:image\" content=\"https:\/\/goulart.adv.br\/site\/wp-content\/uploads\/2015\/02\/area_familia_thumb2.jpg\" \/>\n\t<meta property=\"og:image:width\" content=\"610\" \/>\n\t<meta property=\"og:image:height\" content=\"370\" \/>\n\t<meta property=\"og:image:type\" content=\"image\/jpeg\" \/>\n<script type=\"application\/ld+json\" class=\"yoast-schema-graph\">{\"@context\":\"https:\\\/\\\/schema.org\",\"@graph\":[{\"@type\":\"WebPage\",\"@id\":\"https:\\\/\\\/goulart.adv.br\\\/site\\\/areas-de-atuacao\\\/direito-civil-direito-de-familia\\\/\",\"url\":\"https:\\\/\\\/goulart.adv.br\\\/site\\\/areas-de-atuacao\\\/direito-civil-direito-de-familia\\\/\",\"name\":\"Direito Civil\\\/ Direito de Fam\u00edlia - Goulart &amp; Goulart Advogados Trabalhistas e Associados\",\"isPartOf\":{\"@id\":\"https:\\\/\\\/goulart.adv.br\\\/site\\\/#website\"},\"primaryImageOfPage\":{\"@id\":\"https:\\\/\\\/goulart.adv.br\\\/site\\\/areas-de-atuacao\\\/direito-civil-direito-de-familia\\\/#primaryimage\"},\"image\":{\"@id\":\"https:\\\/\\\/goulart.adv.br\\\/site\\\/areas-de-atuacao\\\/direito-civil-direito-de-familia\\\/#primaryimage\"},\"thumbnailUrl\":\"https:\\\/\\\/goulart.adv.br\\\/site\\\/wp-content\\\/uploads\\\/2015\\\/02\\\/area_familia_thumb2.jpg\",\"datePublished\":\"2015-02-04T22:11:43+00:00\",\"dateModified\":\"2015-03-10T20:07:45+00:00\",\"description\":\"Atuamos em todas as \u00e1reas do Direito Civil visando \u00e0 resolu\u00e7\u00e3o de conflitos jur\u00eddicos.\",\"breadcrumb\":{\"@id\":\"https:\\\/\\\/goulart.adv.br\\\/site\\\/areas-de-atuacao\\\/direito-civil-direito-de-familia\\\/#breadcrumb\"},\"inLanguage\":\"pt-BR\",\"potentialAction\":[{\"@type\":\"ReadAction\",\"target\":[\"https:\\\/\\\/goulart.adv.br\\\/site\\\/areas-de-atuacao\\\/direito-civil-direito-de-familia\\\/\"]}]},{\"@type\":\"ImageObject\",\"inLanguage\":\"pt-BR\",\"@id\":\"https:\\\/\\\/goulart.adv.br\\\/site\\\/areas-de-atuacao\\\/direito-civil-direito-de-familia\\\/#primaryimage\",\"url\":\"https:\\\/\\\/goulart.adv.br\\\/site\\\/wp-content\\\/uploads\\\/2015\\\/02\\\/area_familia_thumb2.jpg\",\"contentUrl\":\"https:\\\/\\\/goulart.adv.br\\\/site\\\/wp-content\\\/uploads\\\/2015\\\/02\\\/area_familia_thumb2.jpg\",\"width\":610,\"height\":370},{\"@type\":\"BreadcrumbList\",\"@id\":\"https:\\\/\\\/goulart.adv.br\\\/site\\\/areas-de-atuacao\\\/direito-civil-direito-de-familia\\\/#breadcrumb\",\"itemListElement\":[{\"@type\":\"ListItem\",\"position\":1,\"name\":\"In\u00edcio\",\"item\":\"https:\\\/\\\/goulart.adv.br\\\/site\\\/\"},{\"@type\":\"ListItem\",\"position\":2,\"name\":\"\u00c1reas de Atua\u00e7\u00e3o\",\"item\":\"https:\\\/\\\/goulart.adv.br\\\/site\\\/areas-de-atuacao\\\/\"},{\"@type\":\"ListItem\",\"position\":3,\"name\":\"Direito Civil\\\/ Direito de Fam\u00edlia\"}]},{\"@type\":\"WebSite\",\"@id\":\"https:\\\/\\\/goulart.adv.br\\\/site\\\/#website\",\"url\":\"https:\\\/\\\/goulart.adv.br\\\/site\\\/\",\"name\":\"Goulart &amp; Goulart Advogados Trabalhistas e Associados\",\"description\":\"Goulart &amp; Goulart Advogados Trabalhistas e Associados\",\"potentialAction\":[{\"@type\":\"SearchAction\",\"target\":{\"@type\":\"EntryPoint\",\"urlTemplate\":\"https:\\\/\\\/goulart.adv.br\\\/site\\\/?s={search_term_string}\"},\"query-input\":{\"@type\":\"PropertyValueSpecification\",\"valueRequired\":true,\"valueName\":\"search_term_string\"}}],\"inLanguage\":\"pt-BR\"}]}<\/script>\n<!-- \/ Yoast SEO plugin. -->","yoast_head_json":{"title":"Direito Civil\/ Direito de Fam\u00edlia - Goulart &amp; Goulart Advogados Trabalhistas e Associados","description":"Atuamos em todas as \u00e1reas do Direito Civil visando \u00e0 resolu\u00e7\u00e3o de conflitos jur\u00eddicos.","robots":{"index":"index","follow":"follow","max-snippet":"max-snippet:-1","max-image-preview":"max-image-preview:large","max-video-preview":"max-video-preview:-1"},"canonical":"https:\/\/goulart.adv.br\/site\/areas-de-atuacao\/direito-civil-direito-de-familia\/","og_locale":"pt_BR","og_type":"article","og_title":"Direito Civil\/ Direito de Fam\u00edlia - Goulart &amp; Goulart Advogados Trabalhistas e Associados","og_description":"Atuamos em todas as \u00e1reas do Direito Civil visando \u00e0 resolu\u00e7\u00e3o de conflitos jur\u00eddicos.","og_url":"https:\/\/goulart.adv.br\/site\/areas-de-atuacao\/direito-civil-direito-de-familia\/","og_site_name":"Goulart &amp; Goulart Advogados Trabalhistas e Associados","article_publisher":"https:\/\/www.facebook.com\/pages\/GoulartGoulart-Advogados-Associados\/1600523293534022","article_modified_time":"2015-03-10T20:07:45+00:00","og_image":[{"width":610,"height":370,"url":"https:\/\/goulart.adv.br\/site\/wp-content\/uploads\/2015\/02\/area_familia_thumb2.jpg","type":"image\/jpeg"}],"schema":{"@context":"https:\/\/schema.org","@graph":[{"@type":"WebPage","@id":"https:\/\/goulart.adv.br\/site\/areas-de-atuacao\/direito-civil-direito-de-familia\/","url":"https:\/\/goulart.adv.br\/site\/areas-de-atuacao\/direito-civil-direito-de-familia\/","name":"Direito Civil\/ Direito de Fam\u00edlia - Goulart &amp; Goulart Advogados Trabalhistas e Associados","isPartOf":{"@id":"https:\/\/goulart.adv.br\/site\/#website"},"primaryImageOfPage":{"@id":"https:\/\/goulart.adv.br\/site\/areas-de-atuacao\/direito-civil-direito-de-familia\/#primaryimage"},"image":{"@id":"https:\/\/goulart.adv.br\/site\/areas-de-atuacao\/direito-civil-direito-de-familia\/#primaryimage"},"thumbnailUrl":"https:\/\/goulart.adv.br\/site\/wp-content\/uploads\/2015\/02\/area_familia_thumb2.jpg","datePublished":"2015-02-04T22:11:43+00:00","dateModified":"2015-03-10T20:07:45+00:00","description":"Atuamos em todas as \u00e1reas do Direito Civil visando \u00e0 resolu\u00e7\u00e3o de conflitos jur\u00eddicos.","breadcrumb":{"@id":"https:\/\/goulart.adv.br\/site\/areas-de-atuacao\/direito-civil-direito-de-familia\/#breadcrumb"},"inLanguage":"pt-BR","potentialAction":[{"@type":"ReadAction","target":["https:\/\/goulart.adv.br\/site\/areas-de-atuacao\/direito-civil-direito-de-familia\/"]}]},{"@type":"ImageObject","inLanguage":"pt-BR","@id":"https:\/\/goulart.adv.br\/site\/areas-de-atuacao\/direito-civil-direito-de-familia\/#primaryimage","url":"https:\/\/goulart.adv.br\/site\/wp-content\/uploads\/2015\/02\/area_familia_thumb2.jpg","contentUrl":"https:\/\/goulart.adv.br\/site\/wp-content\/uploads\/2015\/02\/area_familia_thumb2.jpg","width":610,"height":370},{"@type":"BreadcrumbList","@id":"https:\/\/goulart.adv.br\/site\/areas-de-atuacao\/direito-civil-direito-de-familia\/#breadcrumb","itemListElement":[{"@type":"ListItem","position":1,"name":"In\u00edcio","item":"https:\/\/goulart.adv.br\/site\/"},{"@type":"ListItem","position":2,"name":"\u00c1reas de Atua\u00e7\u00e3o","item":"https:\/\/goulart.adv.br\/site\/areas-de-atuacao\/"},{"@type":"ListItem","position":3,"name":"Direito Civil\/ Direito de Fam\u00edlia"}]},{"@type":"WebSite","@id":"https:\/\/goulart.adv.br\/site\/#website","url":"https:\/\/goulart.adv.br\/site\/","name":"Goulart &amp; Goulart Advogados Trabalhistas e Associados","description":"Goulart &amp; Goulart Advogados Trabalhistas e Associados","potentialAction":[{"@type":"SearchAction","target":{"@type":"EntryPoint","urlTemplate":"https:\/\/goulart.adv.br\/site\/?s={search_term_string}"},"query-input":{"@type":"PropertyValueSpecification","valueRequired":true,"valueName":"search_term_string"}}],"inLanguage":"pt-BR"}]}},"_links":{"self":[{"href":"https:\/\/goulart.adv.br\/site\/wp-json\/wp\/v2\/pages\/17","targetHints":{"allow":["GET"]}}],"collection":[{"href":"https:\/\/goulart.adv.br\/site\/wp-json\/wp\/v2\/pages"}],"about":[{"href":"https:\/\/goulart.adv.br\/site\/wp-json\/wp\/v2\/types\/page"}],"author":[{"embeddable":true,"href":"https:\/\/goulart.adv.br\/site\/wp-json\/wp\/v2\/users\/1"}],"replies":[{"embeddable":true,"href":"https:\/\/goulart.adv.br\/site\/wp-json\/wp\/v2\/comments?post=17"}],"version-history":[{"count":5,"href":"https:\/\/goulart.adv.br\/site\/wp-json\/wp\/v2\/pages\/17\/revisions"}],"predecessor-version":[{"id":178,"href":"https:\/\/goulart.adv.br\/site\/wp-json\/wp\/v2\/pages\/17\/revisions\/178"}],"up":[{"embeddable":true,"href":"https:\/\/goulart.adv.br\/site\/wp-json\/wp\/v2\/pages\/13"}],"wp:featuredmedia":[{"embeddable":true,"href":"https:\/\/goulart.adv.br\/site\/wp-json\/wp\/v2\/media\/176"}],"wp:attachment":[{"href":"https:\/\/goulart.adv.br\/site\/wp-json\/wp\/v2\/media?parent=17"}],"curies":[{"name":"wp","href":"https:\/\/api.w.org\/{rel}","templated":true}]}}