{"id":15,"date":"2015-02-04T22:10:56","date_gmt":"2015-02-04T22:10:56","guid":{"rendered":"http:\/\/goulart.adv.br\/site\/?page_id=15"},"modified":"2015-03-10T20:06:27","modified_gmt":"2015-03-10T20:06:27","slug":"direito-do-trabalho","status":"publish","type":"page","link":"https:\/\/goulart.adv.br\/site\/areas-de-atuacao\/direito-do-trabalho\/","title":{"rendered":"Direito do Trabalho"},"content":{"rendered":"<ul>\n<li style=\"text-align: justify;\">Consultoria e assessoramento aos trabalhadores de todas as \u00e1reas atuantes no mercado de trabalho.<\/li>\n<li style=\"text-align: justify;\">Atuamos na \u00e1rea trabalhista tanto de forma preventiva, como na provoca\u00e7\u00e3o jurisdicional da rela\u00e7\u00e3o empregacional em quest\u00e3o.<\/li>\n<li style=\"text-align: justify;\">Acompanhamos o processo trabalhista em todas as suas fases, desde a peti\u00e7\u00e3o inicial at\u00e9 a instaura\u00e7\u00e3o de todos os recursos cab\u00edveis necess\u00e1rios para a solu\u00e7\u00e3o da lide.<\/li>\n<\/ul>\n<p style=\"text-align: center;\"><img loading=\"lazy\" decoding=\"async\" class=\"aligncenter size-full wp-image-108\" src=\"https:\/\/goulart.adv.br\/site\/wp-content\/uploads\/2015\/02\/area_trabalho.jpg\" alt=\"area_trabalho\" width=\"760\" height=\"360\" data-id=\"108\" srcset=\"https:\/\/goulart.adv.br\/site\/wp-content\/uploads\/2015\/02\/area_trabalho.jpg 760w, https:\/\/goulart.adv.br\/site\/wp-content\/uploads\/2015\/02\/area_trabalho-300x142.jpg 300w\" sizes=\"auto, (max-width: 760px) 100vw, 760px\" \/><\/p>\n<p style=\"text-align: center;\">\n","protected":false},"excerpt":{"rendered":"<p>Consultoria e assessoramento aos trabalhadores de todas as \u00e1reas atuantes no mercado de trabalho. Atuamos na \u00e1rea trabalhista tanto de forma preventiva, como na provoca\u00e7\u00e3o jurisdicional da rela\u00e7\u00e3o empregacional em quest\u00e3o. Acompanhamos o processo trabalhista em todas as suas fases, desde a peti\u00e7\u00e3o inicial at\u00e9 a instaura\u00e7\u00e3o de todos os recursos cab\u00edveis necess\u00e1rios para a solu\u00e7\u00e3o da lide.<\/p>\n","protected":false},"author":1,"featured_media":68,"parent":13,"menu_order":1,"comment_status":"open","ping_status":"closed","template":"","meta":{"_acf_changed":false,"footnotes":""},"class_list":["post-15","page","type-page","status-publish","has-post-thumbnail","hentry"],"acf":[],"yoast_head":"<!-- This site is optimized with the Yoast SEO plugin v27.3 - https:\/\/yoast.com\/product\/yoast-seo-wordpress\/ -->\n<title>Direito do Trabalho - Goulart &amp; Goulart Advogados Trabalhistas e Associados<\/title>\n<meta name=\"description\" content=\"Assessoria jur\u00eddica aos trabalhadores, tanto preventiva como na provoca\u00e7\u00e3o jurisdicional.\" \/>\n<meta name=\"robots\" content=\"index, follow, max-snippet:-1, max-image-preview:large, max-video-preview:-1\" \/>\n<link rel=\"canonical\" href=\"https:\/\/goulart.adv.br\/site\/areas-de-atuacao\/direito-do-trabalho\/\" \/>\n<meta property=\"og:locale\" content=\"pt_BR\" \/>\n<meta property=\"og:type\" content=\"article\" \/>\n<meta property=\"og:title\" content=\"Direito do Trabalho - Goulart &amp; Goulart Advogados Trabalhistas e Associados\" \/>\n<meta property=\"og:description\" content=\"Assessoria jur\u00eddica aos trabalhadores, tanto preventiva como na provoca\u00e7\u00e3o jurisdicional.\" \/>\n<meta property=\"og:url\" content=\"https:\/\/goulart.adv.br\/site\/areas-de-atuacao\/direito-do-trabalho\/\" \/>\n<meta property=\"og:site_name\" content=\"Goulart &amp; Goulart Advogados Trabalhistas e Associados\" \/>\n<meta property=\"article:publisher\" content=\"https:\/\/www.facebook.com\/pages\/GoulartGoulart-Advogados-Associados\/1600523293534022\" \/>\n<meta property=\"article:modified_time\" content=\"2015-03-10T20:06:27+00:00\" \/>\n<meta property=\"og:image\" content=\"https:\/\/goulart.adv.br\/site\/wp-content\/uploads\/2015\/02\/area_trabalho_thumb.jpg\" \/>\n\t<meta property=\"og:image:width\" content=\"330\" \/>\n\t<meta property=\"og:image:height\" content=\"200\" \/>\n\t<meta property=\"og:image:type\" content=\"image\/jpeg\" \/>\n<script type=\"application\/ld+json\" class=\"yoast-schema-graph\">{\"@context\":\"https:\\\/\\\/schema.org\",\"@graph\":[{\"@type\":\"WebPage\",\"@id\":\"https:\\\/\\\/goulart.adv.br\\\/site\\\/areas-de-atuacao\\\/direito-do-trabalho\\\/\",\"url\":\"https:\\\/\\\/goulart.adv.br\\\/site\\\/areas-de-atuacao\\\/direito-do-trabalho\\\/\",\"name\":\"Direito do Trabalho - Goulart &amp; Goulart Advogados Trabalhistas e Associados\",\"isPartOf\":{\"@id\":\"https:\\\/\\\/goulart.adv.br\\\/site\\\/#website\"},\"primaryImageOfPage\":{\"@id\":\"https:\\\/\\\/goulart.adv.br\\\/site\\\/areas-de-atuacao\\\/direito-do-trabalho\\\/#primaryimage\"},\"image\":{\"@id\":\"https:\\\/\\\/goulart.adv.br\\\/site\\\/areas-de-atuacao\\\/direito-do-trabalho\\\/#primaryimage\"},\"thumbnailUrl\":\"https:\\\/\\\/goulart.adv.br\\\/site\\\/wp-content\\\/uploads\\\/2015\\\/02\\\/area_trabalho_thumb.jpg\",\"datePublished\":\"2015-02-04T22:10:56+00:00\",\"dateModified\":\"2015-03-10T20:06:27+00:00\",\"description\":\"Assessoria jur\u00eddica aos trabalhadores, tanto preventiva como na provoca\u00e7\u00e3o jurisdicional.\",\"breadcrumb\":{\"@id\":\"https:\\\/\\\/goulart.adv.br\\\/site\\\/areas-de-atuacao\\\/direito-do-trabalho\\\/#breadcrumb\"},\"inLanguage\":\"pt-BR\",\"potentialAction\":[{\"@type\":\"ReadAction\",\"target\":[\"https:\\\/\\\/goulart.adv.br\\\/site\\\/areas-de-atuacao\\\/direito-do-trabalho\\\/\"]}]},{\"@type\":\"ImageObject\",\"inLanguage\":\"pt-BR\",\"@id\":\"https:\\\/\\\/goulart.adv.br\\\/site\\\/areas-de-atuacao\\\/direito-do-trabalho\\\/#primaryimage\",\"url\":\"https:\\\/\\\/goulart.adv.br\\\/site\\\/wp-content\\\/uploads\\\/2015\\\/02\\\/area_trabalho_thumb.jpg\",\"contentUrl\":\"https:\\\/\\\/goulart.adv.br\\\/site\\\/wp-content\\\/uploads\\\/2015\\\/02\\\/area_trabalho_thumb.jpg\",\"width\":330,\"height\":200},{\"@type\":\"BreadcrumbList\",\"@id\":\"https:\\\/\\\/goulart.adv.br\\\/site\\\/areas-de-atuacao\\\/direito-do-trabalho\\\/#breadcrumb\",\"itemListElement\":[{\"@type\":\"ListItem\",\"position\":1,\"name\":\"In\u00edcio\",\"item\":\"https:\\\/\\\/goulart.adv.br\\\/site\\\/\"},{\"@type\":\"ListItem\",\"position\":2,\"name\":\"\u00c1reas de Atua\u00e7\u00e3o\",\"item\":\"https:\\\/\\\/goulart.adv.br\\\/site\\\/areas-de-atuacao\\\/\"},{\"@type\":\"ListItem\",\"position\":3,\"name\":\"Direito do Trabalho\"}]},{\"@type\":\"WebSite\",\"@id\":\"https:\\\/\\\/goulart.adv.br\\\/site\\\/#website\",\"url\":\"https:\\\/\\\/goulart.adv.br\\\/site\\\/\",\"name\":\"Goulart &amp; Goulart Advogados Trabalhistas e Associados\",\"description\":\"Goulart &amp; Goulart Advogados Trabalhistas e Associados\",\"potentialAction\":[{\"@type\":\"SearchAction\",\"target\":{\"@type\":\"EntryPoint\",\"urlTemplate\":\"https:\\\/\\\/goulart.adv.br\\\/site\\\/?s={search_term_string}\"},\"query-input\":{\"@type\":\"PropertyValueSpecification\",\"valueRequired\":true,\"valueName\":\"search_term_string\"}}],\"inLanguage\":\"pt-BR\"}]}<\/script>\n<!-- \/ Yoast SEO plugin. -->","yoast_head_json":{"title":"Direito do Trabalho - Goulart &amp; Goulart Advogados Trabalhistas e Associados","description":"Assessoria jur\u00eddica aos trabalhadores, tanto preventiva como na provoca\u00e7\u00e3o jurisdicional.","robots":{"index":"index","follow":"follow","max-snippet":"max-snippet:-1","max-image-preview":"max-image-preview:large","max-video-preview":"max-video-preview:-1"},"canonical":"https:\/\/goulart.adv.br\/site\/areas-de-atuacao\/direito-do-trabalho\/","og_locale":"pt_BR","og_type":"article","og_title":"Direito do Trabalho - Goulart &amp; Goulart Advogados Trabalhistas e Associados","og_description":"Assessoria jur\u00eddica aos trabalhadores, tanto preventiva como na provoca\u00e7\u00e3o jurisdicional.","og_url":"https:\/\/goulart.adv.br\/site\/areas-de-atuacao\/direito-do-trabalho\/","og_site_name":"Goulart &amp; Goulart Advogados Trabalhistas e Associados","article_publisher":"https:\/\/www.facebook.com\/pages\/GoulartGoulart-Advogados-Associados\/1600523293534022","article_modified_time":"2015-03-10T20:06:27+00:00","og_image":[{"width":330,"height":200,"url":"https:\/\/goulart.adv.br\/site\/wp-content\/uploads\/2015\/02\/area_trabalho_thumb.jpg","type":"image\/jpeg"}],"schema":{"@context":"https:\/\/schema.org","@graph":[{"@type":"WebPage","@id":"https:\/\/goulart.adv.br\/site\/areas-de-atuacao\/direito-do-trabalho\/","url":"https:\/\/goulart.adv.br\/site\/areas-de-atuacao\/direito-do-trabalho\/","name":"Direito do Trabalho - Goulart &amp; Goulart Advogados Trabalhistas e Associados","isPartOf":{"@id":"https:\/\/goulart.adv.br\/site\/#website"},"primaryImageOfPage":{"@id":"https:\/\/goulart.adv.br\/site\/areas-de-atuacao\/direito-do-trabalho\/#primaryimage"},"image":{"@id":"https:\/\/goulart.adv.br\/site\/areas-de-atuacao\/direito-do-trabalho\/#primaryimage"},"thumbnailUrl":"https:\/\/goulart.adv.br\/site\/wp-content\/uploads\/2015\/02\/area_trabalho_thumb.jpg","datePublished":"2015-02-04T22:10:56+00:00","dateModified":"2015-03-10T20:06:27+00:00","description":"Assessoria jur\u00eddica aos trabalhadores, tanto preventiva como na provoca\u00e7\u00e3o jurisdicional.","breadcrumb":{"@id":"https:\/\/goulart.adv.br\/site\/areas-de-atuacao\/direito-do-trabalho\/#breadcrumb"},"inLanguage":"pt-BR","potentialAction":[{"@type":"ReadAction","target":["https:\/\/goulart.adv.br\/site\/areas-de-atuacao\/direito-do-trabalho\/"]}]},{"@type":"ImageObject","inLanguage":"pt-BR","@id":"https:\/\/goulart.adv.br\/site\/areas-de-atuacao\/direito-do-trabalho\/#primaryimage","url":"https:\/\/goulart.adv.br\/site\/wp-content\/uploads\/2015\/02\/area_trabalho_thumb.jpg","contentUrl":"https:\/\/goulart.adv.br\/site\/wp-content\/uploads\/2015\/02\/area_trabalho_thumb.jpg","width":330,"height":200},{"@type":"BreadcrumbList","@id":"https:\/\/goulart.adv.br\/site\/areas-de-atuacao\/direito-do-trabalho\/#breadcrumb","itemListElement":[{"@type":"ListItem","position":1,"name":"In\u00edcio","item":"https:\/\/goulart.adv.br\/site\/"},{"@type":"ListItem","position":2,"name":"\u00c1reas de Atua\u00e7\u00e3o","item":"https:\/\/goulart.adv.br\/site\/areas-de-atuacao\/"},{"@type":"ListItem","position":3,"name":"Direito do Trabalho"}]},{"@type":"WebSite","@id":"https:\/\/goulart.adv.br\/site\/#website","url":"https:\/\/goulart.adv.br\/site\/","name":"Goulart &amp; Goulart Advogados Trabalhistas e Associados","description":"Goulart &amp; Goulart Advogados Trabalhistas e Associados","potentialAction":[{"@type":"SearchAction","target":{"@type":"EntryPoint","urlTemplate":"https:\/\/goulart.adv.br\/site\/?s={search_term_string}"},"query-input":{"@type":"PropertyValueSpecification","valueRequired":true,"valueName":"search_term_string"}}],"inLanguage":"pt-BR"}]}},"_links":{"self":[{"href":"https:\/\/goulart.adv.br\/site\/wp-json\/wp\/v2\/pages\/15","targetHints":{"allow":["GET"]}}],"collection":[{"href":"https:\/\/goulart.adv.br\/site\/wp-json\/wp\/v2\/pages"}],"about":[{"href":"https:\/\/goulart.adv.br\/site\/wp-json\/wp\/v2\/types\/page"}],"author":[{"embeddable":true,"href":"https:\/\/goulart.adv.br\/site\/wp-json\/wp\/v2\/users\/1"}],"replies":[{"embeddable":true,"href":"https:\/\/goulart.adv.br\/site\/wp-json\/wp\/v2\/comments?post=15"}],"version-history":[{"count":3,"href":"https:\/\/goulart.adv.br\/site\/wp-json\/wp\/v2\/pages\/15\/revisions"}],"predecessor-version":[{"id":109,"href":"https:\/\/goulart.adv.br\/site\/wp-json\/wp\/v2\/pages\/15\/revisions\/109"}],"up":[{"embeddable":true,"href":"https:\/\/goulart.adv.br\/site\/wp-json\/wp\/v2\/pages\/13"}],"wp:featuredmedia":[{"embeddable":true,"href":"https:\/\/goulart.adv.br\/site\/wp-json\/wp\/v2\/media\/68"}],"wp:attachment":[{"href":"https:\/\/goulart.adv.br\/site\/wp-json\/wp\/v2\/media?parent=15"}],"curies":[{"name":"wp","href":"https:\/\/api.w.org\/{rel}","templated":true}]}}